{"id":474,"date":"2019-07-11T11:31:36","date_gmt":"2019-07-11T11:31:36","guid":{"rendered":"https:\/\/adage.lt\/kontaktai\/"},"modified":"2019-10-20T13:49:29","modified_gmt":"2019-10-20T13:49:29","slug":"kontaktai","status":"publish","type":"page","link":"https:\/\/adage.lt\/lt\/kontaktai\/","title":{"rendered":"Kontaktai"},"content":{"rendered":"\t\t<div data-elementor-type=\"wp-post\" data-elementor-id=\"474\" class=\"elementor elementor-474\">\n\t\t\t\t\t\t<section class=\"elementor-section elementor-top-section elementor-element elementor-element-35735826 elementor-section-boxed elementor-section-height-default elementor-section-height-default\" data-id=\"35735826\" data-element_type=\"section\">\n\t\t\t\t\t\t<div class=\"elementor-container elementor-column-gap-no\">\n\t\t\t\t\t<div class=\"elementor-column elementor-col-100 elementor-top-column elementor-element elementor-element-64ec085d\" data-id=\"64ec085d\" data-element_type=\"column\">\n\t\t\t<div class=\"elementor-widget-wrap elementor-element-populated\">\n\t\t\t\t\t\t<div class=\"elementor-element elementor-element-3416b3ec elementor-widget__width-initial elementor-widget-mobile__width-auto elementor-widget elementor-widget-text-editor\" data-id=\"3416b3ec\" data-element_type=\"widget\" data-widget_type=\"text-editor.default\">\n\t\t\t\t<div class=\"elementor-widget-container\">\n\t\t\t\t\t\t\t\t\t<p>Trumpai apib\u016bdinkite savo projekt\u0105 ir su jumis susisieksime.<\/p>\n\t\t\t\t\t\t\t\t<\/div>\n\t\t\t\t<\/div>\n\t\t\t\t\t<\/div>\n\t\t<\/div>\n\t\t\t\t\t<\/div>\n\t\t<\/section>\n\t\t\t\t<section class=\"elementor-section elementor-top-section elementor-element elementor-element-443956d9 elementor-section-boxed elementor-section-height-default elementor-section-height-default\" data-id=\"443956d9\" data-element_type=\"section\">\n\t\t\t\t\t\t<div class=\"elementor-container elementor-column-gap-no\">\n\t\t\t\t\t<div class=\"elementor-column elementor-col-100 elementor-top-column elementor-element elementor-element-e1d1e28\" data-id=\"e1d1e28\" data-element_type=\"column\">\n\t\t\t<div class=\"elementor-widget-wrap elementor-element-populated\">\n\t\t\t\t\t\t<div class=\"elementor-element elementor-element-79253f35 elementor-widget elementor-widget-coco-contactform\" data-id=\"79253f35\" data-element_type=\"widget\" data-widget_type=\"coco-contactform.default\">\n\t\t\t\t<div class=\"elementor-widget-container\">\n\t\t\t\t\t\n<div class=\"wpcf7 no-js\" id=\"wpcf7-f4-o1\" lang=\"lt-LT\" dir=\"ltr\" data-wpcf7-id=\"4\">\n<div class=\"screen-reader-response\"><p role=\"status\" aria-live=\"polite\" aria-atomic=\"true\"><\/p> <ul><\/ul><\/div>\n<form action=\"\/lt\/wp-json\/wp\/v2\/pages\/474#wpcf7-f4-o1\" method=\"post\" class=\"wpcf7-form init\" aria-label=\"Kontakt\u0173 forma\" novalidate=\"novalidate\" data-status=\"init\">\n<div style=\"display: none;\">\n<input type=\"hidden\" name=\"_wpcf7\" value=\"4\" \/>\n<input type=\"hidden\" name=\"_wpcf7_version\" value=\"6.0.6\" \/>\n<input type=\"hidden\" name=\"_wpcf7_locale\" value=\"lt_LT\" \/>\n<input type=\"hidden\" name=\"_wpcf7_unit_tag\" value=\"wpcf7-f4-o1\" \/>\n<input type=\"hidden\" name=\"_wpcf7_container_post\" value=\"0\" \/>\n<input type=\"hidden\" name=\"_wpcf7_posted_data_hash\" value=\"\" \/>\n<input type=\"hidden\" name=\"_wpcf7_recaptcha_response\" value=\"\" \/>\n<\/div>\n<p><span class=\"wpcf7-form-control-wrap\" data-name=\"your-name\"><input size=\"40\" maxlength=\"400\" class=\"wpcf7-form-control wpcf7-text wpcf7-validates-as-required\" aria-required=\"true\" aria-invalid=\"false\" placeholder=\"Vardas\" value=\"\" type=\"text\" name=\"your-name\" \/><\/span><br \/>\n<span class=\"wpcf7-form-control-wrap\" data-name=\"your-email\"><input size=\"40\" maxlength=\"400\" class=\"wpcf7-form-control wpcf7-email wpcf7-validates-as-required wpcf7-text wpcf7-validates-as-email\" aria-required=\"true\" aria-invalid=\"false\" placeholder=\"El.pa\u0161tas\" value=\"\" type=\"email\" name=\"your-email\" \/><\/span><br \/>\n<span class=\"wpcf7-form-control-wrap\" data-name=\"your-message\"><textarea cols=\"40\" rows=\"10\" maxlength=\"2000\" class=\"wpcf7-form-control wpcf7-textarea\" aria-invalid=\"false\" placeholder=\"\u017dinut\u0117...\" name=\"your-message\"><\/textarea><\/span><br \/>\n<input class=\"wpcf7-form-control wpcf7-submit has-spinner\" type=\"submit\" value=\"Si\u0173sti\" \/>\n<\/p><p style=\"display: none !important;\" class=\"akismet-fields-container\" data-prefix=\"_wpcf7_ak_\"><label>&#916;<textarea name=\"_wpcf7_ak_hp_textarea\" cols=\"45\" rows=\"8\" maxlength=\"100\"><\/textarea><\/label><input type=\"hidden\" id=\"ak_js_1\" name=\"_wpcf7_ak_js\" value=\"212\"\/><script>document.getElementById( \"ak_js_1\" ).setAttribute( \"value\", ( new Date() ).getTime() );<\/script><\/p><div class=\"wpcf7-response-output\" aria-hidden=\"true\"><\/div>\n<\/form>\n<\/div>\n\t\t\t\t<\/div>\n\t\t\t\t<\/div>\n\t\t\t\t\t<\/div>\n\t\t<\/div>\n\t\t\t\t\t<\/div>\n\t\t<\/section>\n\t\t\t\t<section class=\"elementor-section elementor-top-section elementor-element elementor-element-70d7930d elementor-section-boxed elementor-section-height-default elementor-section-height-default\" data-id=\"70d7930d\" data-element_type=\"section\">\n\t\t\t\t\t\t<div class=\"elementor-container elementor-column-gap-default\">\n\t\t\t\t\t<div class=\"elementor-column elementor-col-50 elementor-top-column elementor-element elementor-element-3c15a4aa\" data-id=\"3c15a4aa\" data-element_type=\"column\">\n\t\t\t<div class=\"elementor-widget-wrap\">\n\t\t\t\t\t\t\t<\/div>\n\t\t<\/div>\n\t\t\t\t<div class=\"elementor-column elementor-col-50 elementor-top-column elementor-element elementor-element-250266ff\" data-id=\"250266ff\" data-element_type=\"column\">\n\t\t\t<div class=\"elementor-widget-wrap elementor-element-populated\">\n\t\t\t\t\t\t<div class=\"elementor-element elementor-element-7216deeb elementor-widget elementor-widget-text-editor\" data-id=\"7216deeb\" data-element_type=\"widget\" data-widget_type=\"text-editor.default\">\n\t\t\t\t<div class=\"elementor-widget-container\">\n\t\t\t\t\t\t\t\t\t<p>Telefonas: <a href=\"tel:+37063438054\">+370 634 38054<\/a><\/p>\n<p>El.pa\u0161tas: <a href=\"mailto:info@adage.lt\">info@adage.lt<\/a><\/p>\n\t\t\t\t\t\t\t\t<\/div>\n\t\t\t\t<\/div>\n\t\t\t\t\t<\/div>\n\t\t<\/div>\n\t\t\t\t\t<\/div>\n\t\t<\/section>\n\t\t\t\t<\/div>\n\t\t","protected":false},"excerpt":{"rendered":"<p>Trumpai apib\u016bdinkite savo projekt\u0105 ir su jumis susisieksime. Telefonas: +370 634 38054 El.pa\u0161tas: info@adage.lt<\/p>\n","protected":false},"author":1,"featured_media":0,"parent":0,"menu_order":10,"comment_status":"closed","ping_status":"closed","template":"page-split.php","meta":{"footnotes":""},"class_list":["post-474","page","type-page","status-publish","hentry"],"yoast_head":"<!-- This site is optimized with the Yoast SEO plugin v25.2 - https:\/\/yoast.com\/wordpress\/plugins\/seo\/ -->\n<title>Kontaktai - Pamatuojama skaitmenin\u0117 rinkodara<\/title>\n<meta name=\"robots\" content=\"index, follow, max-snippet:-1, max-image-preview:large, max-video-preview:-1\" \/>\n<link rel=\"canonical\" href=\"https:\/\/adage.lt\/lt\/kontaktai\/\" \/>\n<meta property=\"og:locale\" content=\"lt_LT\" \/>\n<meta property=\"og:type\" content=\"article\" \/>\n<meta property=\"og:title\" content=\"Kontaktai - Pamatuojama skaitmenin\u0117 rinkodara\" \/>\n<meta property=\"og:description\" content=\"Trumpai apib\u016bdinkite savo projekt\u0105 ir su jumis susisieksime. Telefonas: +370 634 38054 El.pa\u0161tas: info@adage.lt\" \/>\n<meta property=\"og:url\" content=\"https:\/\/adage.lt\/lt\/kontaktai\/\" \/>\n<meta property=\"og:site_name\" content=\"Pamatuojama skaitmenin\u0117 rinkodara\" \/>\n<meta property=\"article:publisher\" content=\"https:\/\/www.facebook.com\/adagelithuania\/\" \/>\n<meta property=\"article:modified_time\" content=\"2019-10-20T13:49:29+00:00\" \/>\n<meta name=\"twitter:card\" content=\"summary_large_image\" \/>\n<script type=\"application\/ld+json\" class=\"yoast-schema-graph\">{\"@context\":\"https:\/\/schema.org\",\"@graph\":[{\"@type\":\"WebPage\",\"@id\":\"https:\/\/adage.lt\/lt\/kontaktai\/\",\"url\":\"https:\/\/adage.lt\/lt\/kontaktai\/\",\"name\":\"Kontaktai - Pamatuojama skaitmenin\u0117 rinkodara\",\"isPartOf\":{\"@id\":\"https:\/\/adage.lt\/#website\"},\"datePublished\":\"2019-07-11T11:31:36+00:00\",\"dateModified\":\"2019-10-20T13:49:29+00:00\",\"breadcrumb\":{\"@id\":\"https:\/\/adage.lt\/lt\/kontaktai\/#breadcrumb\"},\"inLanguage\":\"lt-LT\",\"potentialAction\":[{\"@type\":\"ReadAction\",\"target\":[\"https:\/\/adage.lt\/lt\/kontaktai\/\"]}]},{\"@type\":\"BreadcrumbList\",\"@id\":\"https:\/\/adage.lt\/lt\/kontaktai\/#breadcrumb\",\"itemListElement\":[{\"@type\":\"ListItem\",\"position\":1,\"name\":\"Home\",\"item\":\"https:\/\/adage.lt\/lt\/\"},{\"@type\":\"ListItem\",\"position\":2,\"name\":\"Kontaktai\"}]},{\"@type\":\"WebSite\",\"@id\":\"https:\/\/adage.lt\/#website\",\"url\":\"https:\/\/adage.lt\/\",\"name\":\"Adage | pamatuojama skaitmenin\u0117 rinkodara\",\"description\":\"Pamatuojami skaitmenin\u0117s rinkodaros rezultatai\",\"publisher\":{\"@id\":\"https:\/\/adage.lt\/#organization\"},\"potentialAction\":[{\"@type\":\"SearchAction\",\"target\":{\"@type\":\"EntryPoint\",\"urlTemplate\":\"https:\/\/adage.lt\/?s={search_term_string}\"},\"query-input\":{\"@type\":\"PropertyValueSpecification\",\"valueRequired\":true,\"valueName\":\"search_term_string\"}}],\"inLanguage\":\"lt-LT\"},{\"@type\":\"Organization\",\"@id\":\"https:\/\/adage.lt\/#organization\",\"name\":\"UAB \\\"Skaitmenin\u0117s rinkodaros projektai\\\"\",\"url\":\"https:\/\/adage.lt\/\",\"logo\":{\"@type\":\"ImageObject\",\"inLanguage\":\"lt-LT\",\"@id\":\"https:\/\/adage.lt\/#\/schema\/logo\/image\/\",\"url\":\"http:\/\/adage.lt\/wp-content\/uploads\/2019\/06\/logo.png\",\"contentUrl\":\"http:\/\/adage.lt\/wp-content\/uploads\/2019\/06\/logo.png\",\"width\":240,\"height\":60,\"caption\":\"UAB \\\"Skaitmenin\u0117s rinkodaros projektai\\\"\"},\"image\":{\"@id\":\"https:\/\/adage.lt\/#\/schema\/logo\/image\/\"},\"sameAs\":[\"https:\/\/www.facebook.com\/adagelithuania\/\",\"https:\/\/www.linkedin.com\/company\/adage-lietuva\"]}]}<\/script>\n<!-- \/ Yoast SEO plugin. -->","yoast_head_json":{"title":"Kontaktai - Pamatuojama skaitmenin\u0117 rinkodara","robots":{"index":"index","follow":"follow","max-snippet":"max-snippet:-1","max-image-preview":"max-image-preview:large","max-video-preview":"max-video-preview:-1"},"canonical":"https:\/\/adage.lt\/lt\/kontaktai\/","og_locale":"lt_LT","og_type":"article","og_title":"Kontaktai - Pamatuojama skaitmenin\u0117 rinkodara","og_description":"Trumpai apib\u016bdinkite savo projekt\u0105 ir su jumis susisieksime. Telefonas: +370 634 38054 El.pa\u0161tas: info@adage.lt","og_url":"https:\/\/adage.lt\/lt\/kontaktai\/","og_site_name":"Pamatuojama skaitmenin\u0117 rinkodara","article_publisher":"https:\/\/www.facebook.com\/adagelithuania\/","article_modified_time":"2019-10-20T13:49:29+00:00","twitter_card":"summary_large_image","schema":{"@context":"https:\/\/schema.org","@graph":[{"@type":"WebPage","@id":"https:\/\/adage.lt\/lt\/kontaktai\/","url":"https:\/\/adage.lt\/lt\/kontaktai\/","name":"Kontaktai - Pamatuojama skaitmenin\u0117 rinkodara","isPartOf":{"@id":"https:\/\/adage.lt\/#website"},"datePublished":"2019-07-11T11:31:36+00:00","dateModified":"2019-10-20T13:49:29+00:00","breadcrumb":{"@id":"https:\/\/adage.lt\/lt\/kontaktai\/#breadcrumb"},"inLanguage":"lt-LT","potentialAction":[{"@type":"ReadAction","target":["https:\/\/adage.lt\/lt\/kontaktai\/"]}]},{"@type":"BreadcrumbList","@id":"https:\/\/adage.lt\/lt\/kontaktai\/#breadcrumb","itemListElement":[{"@type":"ListItem","position":1,"name":"Home","item":"https:\/\/adage.lt\/lt\/"},{"@type":"ListItem","position":2,"name":"Kontaktai"}]},{"@type":"WebSite","@id":"https:\/\/adage.lt\/#website","url":"https:\/\/adage.lt\/","name":"Adage | pamatuojama skaitmenin\u0117 rinkodara","description":"Pamatuojami skaitmenin\u0117s rinkodaros rezultatai","publisher":{"@id":"https:\/\/adage.lt\/#organization"},"potentialAction":[{"@type":"SearchAction","target":{"@type":"EntryPoint","urlTemplate":"https:\/\/adage.lt\/?s={search_term_string}"},"query-input":{"@type":"PropertyValueSpecification","valueRequired":true,"valueName":"search_term_string"}}],"inLanguage":"lt-LT"},{"@type":"Organization","@id":"https:\/\/adage.lt\/#organization","name":"UAB \"Skaitmenin\u0117s rinkodaros projektai\"","url":"https:\/\/adage.lt\/","logo":{"@type":"ImageObject","inLanguage":"lt-LT","@id":"https:\/\/adage.lt\/#\/schema\/logo\/image\/","url":"http:\/\/adage.lt\/wp-content\/uploads\/2019\/06\/logo.png","contentUrl":"http:\/\/adage.lt\/wp-content\/uploads\/2019\/06\/logo.png","width":240,"height":60,"caption":"UAB \"Skaitmenin\u0117s rinkodaros projektai\""},"image":{"@id":"https:\/\/adage.lt\/#\/schema\/logo\/image\/"},"sameAs":["https:\/\/www.facebook.com\/adagelithuania\/","https:\/\/www.linkedin.com\/company\/adage-lietuva"]}]}},"_links":{"self":[{"href":"https:\/\/adage.lt\/lt\/wp-json\/wp\/v2\/pages\/474\/"}],"collection":[{"href":"https:\/\/adage.lt\/lt\/wp-json\/wp\/v2\/pages\/"}],"about":[{"href":"https:\/\/adage.lt\/lt\/wp-json\/wp\/v2\/types\/page\/"}],"author":[{"embeddable":true,"href":"https:\/\/adage.lt\/lt\/wp-json\/wp\/v2\/users\/1\/"}],"replies":[{"embeddable":true,"href":"https:\/\/adage.lt\/lt\/wp-json\/wp\/v2\/comments\/?post=474"}],"version-history":[{"count":4,"href":"https:\/\/adage.lt\/lt\/wp-json\/wp\/v2\/pages\/474\/revisions\/"}],"predecessor-version":[{"id":543,"href":"https:\/\/adage.lt\/lt\/wp-json\/wp\/v2\/pages\/474\/revisions\/543\/"}],"wp:attachment":[{"href":"https:\/\/adage.lt\/lt\/wp-json\/wp\/v2\/media\/?parent=474"}],"curies":[{"name":"wp","href":"https:\/\/api.w.org\/{rel}","templated":true}]}}